{"id":31857,"date":"2026-02-02T19:04:04","date_gmt":"2026-02-02T22:04:04","guid":{"rendered":"https:\/\/m200la.com\/cordoba\/?page_id=31857"},"modified":"2026-02-07T18:21:23","modified_gmt":"2026-02-07T21:21:23","slug":"odoo","status":"publish","type":"page","link":"https:\/\/m200la.com\/cordoba\/odoo\/","title":{"rendered":"ODOO"},"content":{"rendered":"<div class=\"wpb-content-wrapper\"><p>[vc_row][vc_column][vc_raw_html]JTNDZGl2JTIwY2xhc3MlM0QlMjJjdXN0b20taGVhZGVyLXdyYXBwZXIlMjIlM0UlMEElMjAlMjAlMjAlMjAlM0NoZWFkZXIlMjBjbGFzcyUzRCUyMmN1c3RvbS1zb2Z0d2FyZS1oZWFkZXIlMjIlM0UlMEElMjAlMjAlMjAlMjAlMjAlMjAlMjAlMjAlM0NoMSUzRU9ET08lM0MlMkZoMSUzRSUwQSUyMCUyMCUyMCUyMCUzQyUyRmhlYWRlciUzRSUwQSUzQyUyRmRpdiUzRSUwQSUwQSUzQ3N0eWxlJTNFJTBBJTIwJTIwJTIwJTIwJTJGJTJBJTIwRm9yemFtb3MlMjBxdWUlMjBlbCUyMGNvbnRlbmVkb3IlMjBpZ25vcmUlMjBwYWRkaW5ncyUyMGRlbCUyMHJvdyUyMGRlJTIwV1AlMjBCYWtlcnklMjBzaSUyMGVzJTIwbmVjZXNhcmlvJTIwJTJBJTJGJTBBJTIwJTIwJTIwJTIwLmN1c3RvbS1oZWFkZXItd3JhcHBlciUyMCU3QiUwQSUyMCUyMCUyMCUyMCUyMCUyMCUyMCUyMHdpZHRoJTNBJTIwMTAwdnclM0IlMEElMjAlMjAlMjAlMjAlMjAlMjAlMjAlMjBwb3NpdGlvbiUzQSUyMHJlbGF0aXZlJTNCJTBBJTIwJTIwJTIwJTIwJTIwJTIwJTIwJTIwbGVmdCUzQSUyMDUwJTI1JTNCJTBBJTIwJTIwJTIwJTIwJTIwJTIwJTIwJTIwcmlnaHQlM0ElMjA1MCUyNSUzQiUwQSUyMCUyMCUyMCUyMCUyMCUyMCUyMCUyMG1hcmdpbi1sZWZ0JTNBJTIwLTUwdnclM0IlMEElMjAlMjAlMjAlMjAlMjAlMjAlMjAlMjBtYXJnaW4tcmlnaHQlM0ElMjAtNTB2dyUzQiUwQSUyMCUyMCUyMCUyMCUyMCUyMCUyMCUyMG92ZXJmbG93JTNBJTIwaGlkZGVuJTNCJTBBJTIwJTIwJTIwJTIwJTdEJTBBJTBBJTIwJTIwJTIwJTIwLmN1c3RvbS1zb2Z0d2FyZS1oZWFkZXIlMjAlN0IlMEElMjAlMjAlMjAlMjAlMjAlMjAlMjAlMjBiYWNrZ3JvdW5kLWltYWdlJTNBJTIwdXJsJTI4JTI3aHR0cHMlM0ElMkYlMkZtMjAwbGEuY29tJTJGY29yZG9iYSUyRndwLWNvbnRlbnQlMkZ1cGxvYWRzJTJGMjAyNiUyRjAyJTJGY2Q1ZWM2X2E4MjRhYWMxZmUzOTRhNzg5OGE0NWE3ZGViMjE1MzkybXYyLmF2aWYlMjclMjklM0IlMEElMjAlMjAlMjAlMjAlMjAlMjAlMjAlMjBiYWNrZ3JvdW5kLXNpemUlM0ElMjBjb3ZlciUzQiUwQSUyMCUyMCUyMCUyMCUyMCUyMCUyMCUyMGJhY2tncm91bmQtcG9zaXRpb24lM0ElMjBjZW50ZXIlM0IlMEElMjAlMjAlMjAlMjAlMjAlMjAlMjAlMjBoZWlnaHQlM0ElMjAzNTBweCUzQiUwQSUyMCUyMCUyMCUyMCUyMCUyMCUyMCUyMGRpc3BsYXklM0ElMjBmbGV4JTNCJTBBJTIwJTIwJTIwJTIwJTIwJTIwJTIwJTIwYWxpZ24taXRlbXMlM0ElMjBjZW50ZXIlM0IlMEElMjAlMjAlMjAlMjAlMjAlMjAlMjAlMjBqdXN0aWZ5LWNvbnRlbnQlM0ElMjBjZW50ZXIlM0IlMEElMjAlMjAlMjAlMjAlMjAlMjAlMjAlMjB3aWR0aCUzQSUyMDEwMCUyNSUzQiUwQSUyMCUyMCUyMCUyMCU3RCUwQSUwQSUyMCUyMCUyMCUyMC5jdXN0b20tc29mdHdhcmUtaGVhZGVyJTIwaDElMjAlN0IlMEElMjAlMjAlMjAlMjAlMjAlMjAlMjAlMjBjb2xvciUzQSUyMCUyM2ZmZmZmZiUzQiUyMCUyRiUyQSUyMEFqdXN0YSUyMGVsJTIwY29sb3IlMjBzZWclQzMlQkFuJTIwbmVjZXNpdGVzJTIwJTJBJTJGJTBBJTIwJTIwJTIwJTIwJTIwJTIwJTIwJTIwZm9udC1mYW1pbHklM0ElMjAlMjJESU4lMjBDb25kZW5zZWQlMjIlMkMlMjAlMjJBcmlhbCUyME5hcnJvdyUyMiUyQyUyMHNhbnMtc2VyaWYlM0IlMEElMjAlMjAlMjAlMjAlMjAlMjAlMjAlMjBmb250LXdlaWdodCUzQSUyMHJlZ3VsYXIlM0IlMEElMjAlMjAlMjAlMjAlMjAlMjAlMjAlMjBmb250LXNpemUlM0ElMjA1NHB4JTNCJTBBJTIwJTIwJTIwJTIwJTIwJTIwJTIwJTIwdGV4dC10cmFuc2Zvcm0lM0ElMjB1cHBlcmNhc2UlM0IlMEElMjAlMjAlMjAlMjAlMjAlMjAlMjAlMjBtYXJnaW4lM0ElMjAwJTNCJTBBJTIwJTIwJTIwJTIwJTIwJTIwJTIwJTIwcGFkZGluZyUzQSUyMDAlM0IlMEElMjAlMjAlMjAlMjAlMjAlMjAlMjAlMjB0ZXh0LWFsaWduJTNBJTIwY2VudGVyJTNCJTBBJTIwJTIwJTIwJTIwJTIwJTIwJTIwJTIwbGV0dGVyLXNwYWNpbmclM0ElMjAycHglM0IlMjAlMkYlMkElMjBPcGNpb25hbCUzQSUyMHBhcmElMjBkYXJsZSUyMGVsJTIwbG9vayUyMGNsJUMzJUExc2ljbyUyMGRlJTIwbGElMjBESU4lMjAlMkElMkYlMEElMjAlMjAlMjAlMjAlN0QlMEElMEElMjAlMjAlMjAlMjAlMkYlMkElMjBBanVzdGUlMjBwYXJhJTIwbSVDMyVCM3ZpbGVzJTIwJTJBJTJGJTBBJTIwJTIwJTIwJTIwJTQwbWVkaWElMjAlMjhtYXgtd2lkdGglM0ElMjA3NjhweCUyOSUyMCU3QiUwQSUyMCUyMCUyMCUyMCUyMCUyMCUyMCUyMC5jdXN0b20tc29mdHdhcmUtaGVhZGVyJTIwJTdCJTBBJTIwJTIwJTIwJTIwJTIwJTIwJTIwJTIwJTIwJTIwJTIwJTIwaGVpZ2h0JTNBJTIwMjAwcHglM0IlMjAlMkYlMkElMjBVbiUyMHBvY28lMjBtJUMzJUExcyUyMGJham8lMjBlbiUyMG0lQzMlQjN2aWxlcyUyMHBhcmElMjBtZWpvciUyMFVYJTIwJTJBJTJGJTBBJTIwJTIwJTIwJTIwJTIwJTIwJTIwJTIwJTdEJTBBJTIwJTIwJTIwJTIwJTIwJTIwJTIwJTIwLmN1c3RvbS1zb2Z0d2FyZS1oZWFkZXIlMjBoMSUyMCU3QiUwQSUyMCUyMCUyMCUyMCUyMCUyMCUyMCUyMCUyMCUyMCUyMCUyMGZvbnQtc2l6ZSUzQSUyMDI4cHglM0IlMEElMjAlMjAlMjAlMjAlMjAlMjAlMjAlMjAlN0QlMEElMjAlMjAlMjAlMjAlN0QlMEElM0MlMkZzdHlsZSUzRQ==[\/vc_raw_html][\/vc_column][\/vc_row][vc_row css=&#8221;.vc_custom_1770060696275{padding-top: 80px !important;padding-right: 80px !important;padding-bottom: 30px !important;padding-left: 80px !important;}&#8221; el_id=&#8221;ODOO&#8221;][vc_column][vc_empty_space height=&#8221;15px&#8221;]<div id=\"mpc_textblock-6969d039f5583db\" class=\"mpc-textblock mpc-init \"><p style=\"text-align: center;\"><span style=\"font-size: 24px;\">ODOO<\/span><\/p>\n<\/div>[vc_empty_space height=&#8221;15px&#8221;][vc_column_text css=&#8221;.vc_custom_1770060706050{padding-right: 10px !important;padding-left: 10px !important;}&#8221;]<\/p>\n<p class=\"p1\">Permite reemplazar cientos de aplicaciones desconectadas con una interfaz unificada ultra intuitiva. Centraliza ventas, finanzas e inventario, eliminando el caos operativo y acelerando tu crecimiento. Es la tecnolog\u00eda m\u00e1s \u00e1gil y rentable del mercado para tomar el control total de tu empresa desde un solo lugar.<\/p>\n<p>[\/vc_column_text][vc_empty_space height=&#8221;15px&#8221;][\/vc_column][\/vc_row][vc_row full_width=&#8221;stretch_row_content_no_spaces&#8221; css=&#8221;.vc_custom_1769632407679{padding-right: 30px !important;padding-left: 30px !important;}&#8221; el_id=&#8221;contacto&#8221;][vc_column][vc_empty_space height=&#8221;15px&#8221;][vc_row_inner equal_height=&#8221;yes&#8221; content_placement=&#8221;top&#8221; gap=&#8221;15&#8243; css=&#8221;.vc_custom_1581002728900{margin-right: 10px !important;margin-left: 10px !important;}&#8221;][vc_column_inner width=&#8221;1\/6&#8243; alignment=&#8221;center&#8221; css=&#8221;.vc_custom_1551108025979{padding-top: 10px !important;padding-right: 10px !important;padding-bottom: 10px !important;padding-left: 10px !important;}&#8221;][\/vc_column_inner][vc_column_inner width=&#8221;2\/3&#8243; css=&#8221;.vc_custom_1581002614485{padding-right: 40px !important;padding-left: 40px !important;}&#8221;]\n<div class=\"wpcf7 no-js\" id=\"wpcf7-f31810-o1\" lang=\"es-AR\" dir=\"ltr\" data-wpcf7-id=\"31810\">\n<div class=\"screen-reader-response\"><p role=\"status\" aria-live=\"polite\" aria-atomic=\"true\"><\/p> <ul><\/ul><\/div>\n<form action=\"\/cordoba\/wp-json\/wp\/v2\/pages\/31857#wpcf7-f31810-o1\" method=\"post\" class=\"wpcf7-form init\" aria-label=\"Formulario de contacto\" novalidate=\"novalidate\" data-status=\"init\">\n<fieldset class=\"hidden-fields-container\"><input type=\"hidden\" name=\"_wpcf7\" value=\"31810\" \/><input type=\"hidden\" name=\"_wpcf7_version\" value=\"6.1.5\" \/><input type=\"hidden\" name=\"_wpcf7_locale\" value=\"es_AR\" \/><input type=\"hidden\" name=\"_wpcf7_unit_tag\" value=\"wpcf7-f31810-o1\" \/><input type=\"hidden\" name=\"_wpcf7_container_post\" value=\"0\" \/><input type=\"hidden\" name=\"_wpcf7_posted_data_hash\" value=\"\" \/>\n<\/fieldset>\n<div class=\"minimal-form\">\n\t<h2 class=\"form-title\">CONTACTANOS PARA M\u00c1S INFORMACI\u00d3N\n\t<\/h2>\n\t<div class=\"form-row two-columns\">\n\t\t<div class=\"form-group\">\n\t\t\t<p><label>Nombre *<\/label><br \/>\n<span class=\"wpcf7-form-control-wrap\" data-name=\"your-name\"><input size=\"40\" maxlength=\"400\" class=\"wpcf7-form-control wpcf7-text wpcf7-validates-as-required input-line\" aria-required=\"true\" aria-invalid=\"false\" value=\"\" type=\"text\" name=\"your-name\" \/><\/span>\n\t\t\t<\/p>\n\t\t<\/div>\n\t\t<div class=\"form-group\">\n\t\t\t<p><label>Apellido<\/label><br \/>\n<span class=\"wpcf7-form-control-wrap\" data-name=\"your-surname\"><input size=\"40\" maxlength=\"400\" class=\"wpcf7-form-control wpcf7-text input-line\" aria-invalid=\"false\" value=\"\" type=\"text\" name=\"your-surname\" \/><\/span>\n\t\t\t<\/p>\n\t\t<\/div>\n\t<\/div>\n\t<div class=\"form-row\">\n\t\t<p><label>Email *<\/label><br \/>\n<span class=\"wpcf7-form-control-wrap\" data-name=\"your-email\"><input size=\"40\" maxlength=\"400\" class=\"wpcf7-form-control wpcf7-email wpcf7-validates-as-required wpcf7-text wpcf7-validates-as-email input-line\" aria-required=\"true\" aria-invalid=\"false\" value=\"\" type=\"email\" name=\"your-email\" \/><\/span>\n\t\t<\/p>\n\t<\/div>\n\t<div class=\"form-row\">\n\t\t<p><label>Tel\u00e9fono<\/label><br \/>\n<span class=\"wpcf7-form-control-wrap\" data-name=\"your-tel\"><input size=\"40\" maxlength=\"400\" class=\"wpcf7-form-control wpcf7-tel wpcf7-text wpcf7-validates-as-tel input-line\" aria-invalid=\"false\" value=\"\" type=\"tel\" name=\"your-tel\" \/><\/span>\n\t\t<\/p>\n\t<\/div>\n\t<div class=\"form-row\">\n\t\t<p><label>Escrib\u00ed tu mensaje<\/label><br \/>\n<span class=\"wpcf7-form-control-wrap\" data-name=\"your-message\"><textarea cols=\"40\" rows=\"4\" maxlength=\"2000\" class=\"wpcf7-form-control wpcf7-textarea input-line\" aria-invalid=\"false\" name=\"your-message\"><\/textarea><\/span>\n\t\t<\/p>\n\t<\/div>\n\t<div class=\"form-row submit-row\">\n\t\t<p><input class=\"wpcf7-form-control wpcf7-submit has-spinner\" type=\"submit\" value=\"Enviar\" \/>\n\t\t<\/p>\n\t<\/div>\n<\/div><div class=\"wpcf7-response-output\" aria-hidden=\"true\"><\/div>\n<\/form>\n<\/div>\n[\/vc_column_inner][vc_column_inner width=&#8221;1\/6&#8243;][\/vc_column_inner][\/vc_row_inner][\/vc_column][\/vc_row][vc_row full_width=&#8221;stretch_row_content_no_spaces&#8221;][vc_column][vc_raw_html]JTNDJTIxLS0lMjBDJUMzJUIzZGlnbyUyMGRlJTIwaW5zdGFsYWNpJUMzJUIzbiUyMENsaWVuZ28lMjBwYXJhJTIwaHR0cHMlM0ElMkYlMkZtMjAwbGEuY29tJTJGY29yZG9iYSUyMC0tJTNFJTIwJTNDc2NyaXB0JTIwdHlwZSUzRCUyMnRleHQlMkZqYXZhc2NyaXB0JTIyJTNFJTI4ZnVuY3Rpb24lMjAlMjglMjklMjAlN0IlMjB2YXIlMjBsZGslMjAlM0QlMjBkb2N1bWVudC5jcmVhdGVFbGVtZW50JTI4JTI3c2NyaXB0JTI3JTI5JTNCJTIwbGRrLnR5cGUlMjAlM0QlMjAlMjd0ZXh0JTJGamF2YXNjcmlwdCUyNyUzQiUyMGxkay5hc3luYyUyMCUzRCUyMHRydWUlM0IlMjBsZGsuc3JjJTIwJTNEJTIwJTI3aHR0cHMlM0ElMkYlMkZzLmNsaWVuZ28uY29tJTJGd2Vib3B0aW1pemVyJTJGNWM2YjExNTFlNGIwNWM1N2ZlMWI0NjZkJTJGNWM2YjExNTJlNGIwNWM1N2ZlMWI0NjcwLmpzJTI3JTNCJTIwdmFyJTIwcyUyMCUzRCUyMGRvY3VtZW50LmdldEVsZW1lbnRzQnlUYWdOYW1lJTI4JTI3c2NyaXB0JTI3JTI5JTVCMCU1RCUzQiUyMHMucGFyZW50Tm9kZS5pbnNlcnRCZWZvcmUlMjhsZGslMkMlMjBzJTI5JTNCJTIwJTdEJTI5JTI4JTI5JTNCJTNDJTJGc2NyaXB0JTNFJTIw[\/vc_raw_html][\/vc_column][\/vc_row]<\/p>\n<\/div>","protected":false},"excerpt":{"rendered":"<p>[vc_row][vc_column][vc_raw_html]JTNDZGl2JTIwY2xhc3MlM0QlMjJjdXN0b20taGVhZGVyLXdyYXBwZXIlMjIlM0UlMEElMjAlMjAlMjAlMjAlM0NoZWFkZXIlMjBjbGFzcyUzRCUyMmN1c3RvbS1zb2Z0d2FyZS1oZWFkZXIlMjIlM0UlMEElMjAlMjAlMjAlMjAlMjAlMjAlMjAlMjAlM0NoMSUzRU9ET08lM0MlMkZoMSUzRSUwQSUyMCUyMCUyMCUyMCUzQyUyRmhlYWRlciUzRSUwQSUzQyUyRmRpdiUzRSUwQSUwQSUzQ3N0eWxlJTNFJTBBJTIwJTIwJTIwJTIwJTJGJTJBJTIwRm9yemFtb3MlMjBxdWUlMjBlbCUyMGNvbnRlbmVkb3IlMjBpZ25vcmUlMjBwYWRkaW5ncyUyMGRlbCUyMHJvdyUyMGRlJTIwV1AlMjBCYWtlcnklMjBzaSUyMGVzJTIwbmVjZXNhcmlvJTIwJTJBJTJGJTBBJTIwJTIwJTIwJTIwLmN1c3RvbS1oZWFkZXItd3JhcHBlciUyMCU3QiUwQSUyMCUyMCUyMCUyMCUyMCUyMCUyMCUyMHdpZHRoJTNBJTIwMTAwdnclM0IlMEElMjAlMjAlMjAlMjAlMjAlMjAlMjAlMjBwb3NpdGlvbiUzQSUyMHJlbGF0aXZlJTNCJTBBJTIwJTIwJTIwJTIwJTIwJTIwJTIwJTIwbGVmdCUzQSUyMDUwJTI1JTNCJTBBJTIwJTIwJTIwJTIwJTIwJTIwJTIwJTIwcmlnaHQlM0ElMjA1MCUyNSUzQiUwQSUyMCUyMCUyMCUyMCUyMCUyMCUyMCUyMG1hcmdpbi1sZWZ0JTNBJTIwLTUwdnclM0IlMEElMjAlMjAlMjAlMjAlMjAlMjAlMjAlMjBtYXJnaW4tcmlnaHQlM0ElMjAtNTB2dyUzQiUwQSUyMCUyMCUyMCUyMCUyMCUyMCUyMCUyMG92ZXJmbG93JTNBJTIwaGlkZGVuJTNCJTBBJTIwJTIwJTIwJTIwJTdEJTBBJTBBJTIwJTIwJTIwJTIwLmN1c3RvbS1zb2Z0d2FyZS1oZWFkZXIlMjAlN0IlMEElMjAlMjAlMjAlMjAlMjAlMjAlMjAlMjBiYWNrZ3JvdW5kLWltYWdlJTNBJTIwdXJsJTI4JTI3aHR0cHMlM0ElMkYlMkZtMjAwbGEuY29tJTJGY29yZG9iYSUyRndwLWNvbnRlbnQlMkZ1cGxvYWRzJTJGMjAyNiUyRjAyJTJGY2Q1ZWM2X2E4MjRhYWMxZmUzOTRhNzg5OGE0NWE3ZGViMjE1MzkybXYyLmF2aWYlMjclMjklM0IlMEElMjAlMjAlMjAlMjAlMjAlMjAlMjAlMjBiYWNrZ3JvdW5kLXNpemUlM0ElMjBjb3ZlciUzQiUwQSUyMCUyMCUyMCUyMCUyMCUyMCUyMCUyMGJhY2tncm91bmQtcG9zaXRpb24lM0ElMjBjZW50ZXIlM0IlMEElMjAlMjAlMjAlMjAlMjAlMjAlMjAlMjBoZWlnaHQlM0ElMjAzNTBweCUzQiUwQSUyMCUyMCUyMCUyMCUyMCUyMCUyMCUyMGRpc3BsYXklM0ElMjBmbGV4JTNCJTBBJTIwJTIwJTIwJTIwJTIwJTIwJTIwJTIwYWxpZ24taXRlbXMlM0ElMjBjZW50ZXIlM0IlMEElMjAlMjAlMjAlMjAlMjAlMjAlMjAlMjBqdXN0aWZ5LWNvbnRlbnQlM0ElMjBjZW50ZXIlM0IlMEElMjAlMjAlMjAlMjAlMjAlMjAlMjAlMjB3aWR0aCUzQSUyMDEwMCUyNSUzQiUwQSUyMCUyMCUyMCUyMCU3RCUwQSUwQSUyMCUyMCUyMCUyMC5jdXN0b20tc29mdHdhcmUtaGVhZGVyJTIwaDElMjAlN0IlMEElMjAlMjAlMjAlMjAlMjAlMjAlMjAlMjBjb2xvciUzQSUyMCUyM2ZmZmZmZiUzQiUyMCUyRiUyQSUyMEFqdXN0YSUyMGVsJTIwY29sb3IlMjBzZWclQzMlQkFuJTIwbmVjZXNpdGVzJTIwJTJBJTJGJTBBJTIwJTIwJTIwJTIwJTIwJTIwJTIwJTIwZm9udC1mYW1pbHklM0ElMjAlMjJESU4lMjBDb25kZW5zZWQlMjIlMkMlMjAlMjJBcmlhbCUyME5hcnJvdyUyMiUyQyUyMHNhbnMtc2VyaWYlM0IlMEElMjAlMjAlMjAlMjAlMjAlMjAlMjAlMjBmb250LXdlaWdodCUzQSUyMHJlZ3VsYXIlM0IlMEElMjAlMjAlMjAlMjAlMjAlMjAlMjAlMjBmb250LXNpemUlM0ElMjA1NHB4JTNCJTBBJTIwJTIwJTIwJTIwJTIwJTIwJTIwJTIwdGV4dC10cmFuc2Zvcm0lM0ElMjB1cHBlcmNhc2UlM0IlMEElMjAlMjAlMjAlMjAlMjAlMjAlMjAlMjBtYXJnaW4lM0ElMjAwJTNCJTBBJTIwJTIwJTIwJTIwJTIwJTIwJTIwJTIwcGFkZGluZyUzQSUyMDAlM0IlMEElMjAlMjAlMjAlMjAlMjAlMjAlMjAlMjB0ZXh0LWFsaWduJTNBJTIwY2VudGVyJTNCJTBBJTIwJTIwJTIwJTIwJTIwJTIwJTIwJTIwbGV0dGVyLXNwYWNpbmclM0ElMjAycHglM0IlMjAlMkYlMkElMjBPcGNpb25hbCUzQSUyMHBhcmElMjBkYXJsZSUyMGVsJTIwbG9vayUyMGNsJUMzJUExc2ljbyUyMGRlJTIwbGElMjBESU4lMjAlMkElMkYlMEElMjAlMjAlMjAlMjAlN0QlMEElMEElMjAlMjAlMjAlMjAlMkYlMkElMjBBanVzdGUlMjBwYXJhJTIwbSVDMyVCM3ZpbGVzJTIwJTJBJTJGJTBBJTIwJTIwJTIwJTIwJTQwbWVkaWElMjAlMjhtYXgtd2lkdGglM0ElMjA3NjhweCUyOSUyMCU3QiUwQSUyMCUyMCUyMCUyMCUyMCUyMCUyMCUyMC5jdXN0b20tc29mdHdhcmUtaGVhZGVyJTIwJTdCJTBBJTIwJTIwJTIwJTIwJTIwJTIwJTIwJTIwJTIwJTIwJTIwJTIwaGVpZ2h0JTNBJTIwMjAwcHglM0IlMjAlMkYlMkElMjBVbiUyMHBvY28lMjBtJUMzJUExcyUyMGJham8lMjBlbiUyMG0lQzMlQjN2aWxlcyUyMHBhcmElMjBtZWpvciUyMFVYJTIwJTJBJTJGJTBBJTIwJTIwJTIwJTIwJTIwJTIwJTIwJTIwJTdEJTBBJTIwJTIwJTIwJTIwJTIwJTIwJTIwJTIwLmN1c3RvbS1zb2Z0d2FyZS1oZWFkZXIlMjBoMSUyMCU3QiUwQSUyMCUyMCUyMCUyMCUyMCUyMCUyMCUyMCUyMCUyMCUyMCUyMGZvbnQtc2l6ZSUzQSUyMDI4cHglM0IlMEElMjAlMjAlMjAlMjAlMjAlMjAlMjAlMjAlN0QlMEElMjAlMjAlMjAlMjAlN0QlMEElM0MlMkZzdHlsZSUzRQ==[\/vc_raw_html][\/vc_column][\/vc_row][vc_row css=&#8221;.vc_custom_1770060696275{padding-top: 80px !important;padding-right: 80px !important;padding-bottom: 30px !important;padding-left: 80px !important;}&#8221; el_id=&#8221;ODOO&#8221;][vc_column][vc_empty_space height=&#8221;15px&#8221;][vc_empty_space height=&#8221;15px&#8221;][vc_column_text css=&#8221;.vc_custom_1770060706050{padding-right: 10px !important;padding-left: 10px !important;}&#8221;] Permite reemplazar cientos de aplicaciones desconectadas con una interfaz unificada ultra intuitiva. Centraliza ventas, finanzas e inventario, eliminando el caos operativo y acelerando tu crecimiento. Es la tecnolog\u00eda m\u00e1s \u00e1gil y rentable del mercado para tomar el<\/p>\n","protected":false},"author":1,"featured_media":31852,"parent":0,"menu_order":2,"comment_status":"closed","ping_status":"closed","template":"","meta":{"rs_blank_template":"","rs_page_bg_color":"","slide_template_v7":"","footnotes":""},"class_list":["post-31857","page","type-page","status-publish","has-post-thumbnail","hentry"],"yoast_head":"<!-- This site is optimized with the Yoast SEO plugin v27.2 - https:\/\/yoast.com\/product\/yoast-seo-wordpress\/ -->\n<title>ODOO - Transformaci\u00f3n Digital<\/title>\n<meta name=\"description\" content=\"Hace 25 a\u00f1os comenzamos transformando empresas con soluciones de hardware. Hoy, lideramos la transformaci\u00f3n digital con software y consultor\u00eda, incluyendo todo tipo de soluciones en el \u00e1rea de la gesti\u00f3n de procesos documentales.\" \/>\n<meta name=\"robots\" content=\"index, follow, max-snippet:-1, max-image-preview:large, max-video-preview:-1\" \/>\n<link rel=\"canonical\" href=\"https:\/\/m200la.com\/cordoba\/odoo\/\" \/>\n<meta property=\"og:locale\" content=\"es_ES\" \/>\n<meta property=\"og:type\" content=\"article\" \/>\n<meta property=\"og:title\" content=\"ODOO - Transformaci\u00f3n Digital\" \/>\n<meta property=\"og:description\" content=\"Hace 25 a\u00f1os comenzamos transformando empresas con soluciones de hardware. Hoy, lideramos la transformaci\u00f3n digital con software y consultor\u00eda, incluyendo todo tipo de soluciones en el \u00e1rea de la gesti\u00f3n de procesos documentales.\" \/>\n<meta property=\"og:url\" content=\"https:\/\/m200la.com\/cordoba\/odoo\/\" \/>\n<meta property=\"og:site_name\" content=\"M200\" \/>\n<meta property=\"article:modified_time\" content=\"2026-02-07T21:21:23+00:00\" \/>\n<meta property=\"og:image\" content=\"https:\/\/m200la.com\/cordoba\/wp-content\/uploads\/2026\/02\/M200-Software-1.png\" \/>\n\t<meta property=\"og:image:width\" content=\"1066\" \/>\n\t<meta property=\"og:image:height\" content=\"1048\" \/>\n\t<meta property=\"og:image:type\" content=\"image\/png\" \/>\n<meta name=\"twitter:card\" content=\"summary_large_image\" \/>\n<meta name=\"twitter:label1\" content=\"Tiempo de lectura\" \/>\n\t<meta name=\"twitter:data1\" content=\"1 minuto\" \/>\n<script type=\"application\/ld+json\" class=\"yoast-schema-graph\">{\"@context\":\"https:\/\/schema.org\",\"@graph\":[{\"@type\":\"WebPage\",\"@id\":\"https:\/\/m200la.com\/cordoba\/odoo\/\",\"url\":\"https:\/\/m200la.com\/cordoba\/odoo\/\",\"name\":\"ODOO - Transformaci\u00f3n Digital\",\"isPartOf\":{\"@id\":\"https:\/\/m200la.com\/cordoba\/#website\"},\"primaryImageOfPage\":{\"@id\":\"https:\/\/m200la.com\/cordoba\/odoo\/#primaryimage\"},\"image\":{\"@id\":\"https:\/\/m200la.com\/cordoba\/odoo\/#primaryimage\"},\"thumbnailUrl\":\"https:\/\/m200la.com\/cordoba\/wp-content\/uploads\/2026\/02\/M200-Software-1.png\",\"datePublished\":\"2026-02-02T22:04:04+00:00\",\"dateModified\":\"2026-02-07T21:21:23+00:00\",\"description\":\"Hace 25 a\u00f1os comenzamos transformando empresas con soluciones de hardware. Hoy, lideramos la transformaci\u00f3n digital con software y consultor\u00eda, incluyendo todo tipo de soluciones en el \u00e1rea de la gesti\u00f3n de procesos documentales.\",\"breadcrumb\":{\"@id\":\"https:\/\/m200la.com\/cordoba\/odoo\/#breadcrumb\"},\"inLanguage\":\"es-AR\",\"potentialAction\":[{\"@type\":\"ReadAction\",\"target\":[\"https:\/\/m200la.com\/cordoba\/odoo\/\"]}]},{\"@type\":\"ImageObject\",\"inLanguage\":\"es-AR\",\"@id\":\"https:\/\/m200la.com\/cordoba\/odoo\/#primaryimage\",\"url\":\"https:\/\/m200la.com\/cordoba\/wp-content\/uploads\/2026\/02\/M200-Software-1.png\",\"contentUrl\":\"https:\/\/m200la.com\/cordoba\/wp-content\/uploads\/2026\/02\/M200-Software-1.png\",\"width\":1066,\"height\":1048,\"caption\":\"M200 Software\"},{\"@type\":\"BreadcrumbList\",\"@id\":\"https:\/\/m200la.com\/cordoba\/odoo\/#breadcrumb\",\"itemListElement\":[{\"@type\":\"ListItem\",\"position\":1,\"name\":\"Inicio\",\"item\":\"https:\/\/m200la.com\/cordoba\/\"},{\"@type\":\"ListItem\",\"position\":2,\"name\":\"ODOO\"}]},{\"@type\":\"WebSite\",\"@id\":\"https:\/\/m200la.com\/cordoba\/#website\",\"url\":\"https:\/\/m200la.com\/cordoba\/\",\"name\":\"M200\",\"description\":\"Gesti\u00f3n Documental\",\"potentialAction\":[{\"@type\":\"SearchAction\",\"target\":{\"@type\":\"EntryPoint\",\"urlTemplate\":\"https:\/\/m200la.com\/cordoba\/?s={search_term_string}\"},\"query-input\":{\"@type\":\"PropertyValueSpecification\",\"valueRequired\":true,\"valueName\":\"search_term_string\"}}],\"inLanguage\":\"es-AR\"}]}<\/script>\n<!-- \/ Yoast SEO plugin. -->","yoast_head_json":{"title":"ODOO - Transformaci\u00f3n Digital","description":"Hace 25 a\u00f1os comenzamos transformando empresas con soluciones de hardware. Hoy, lideramos la transformaci\u00f3n digital con software y consultor\u00eda, incluyendo todo tipo de soluciones en el \u00e1rea de la gesti\u00f3n de procesos documentales.","robots":{"index":"index","follow":"follow","max-snippet":"max-snippet:-1","max-image-preview":"max-image-preview:large","max-video-preview":"max-video-preview:-1"},"canonical":"https:\/\/m200la.com\/cordoba\/odoo\/","og_locale":"es_ES","og_type":"article","og_title":"ODOO - Transformaci\u00f3n Digital","og_description":"Hace 25 a\u00f1os comenzamos transformando empresas con soluciones de hardware. Hoy, lideramos la transformaci\u00f3n digital con software y consultor\u00eda, incluyendo todo tipo de soluciones en el \u00e1rea de la gesti\u00f3n de procesos documentales.","og_url":"https:\/\/m200la.com\/cordoba\/odoo\/","og_site_name":"M200","article_modified_time":"2026-02-07T21:21:23+00:00","og_image":[{"width":1066,"height":1048,"url":"https:\/\/m200la.com\/cordoba\/wp-content\/uploads\/2026\/02\/M200-Software-1.png","type":"image\/png"}],"twitter_card":"summary_large_image","twitter_misc":{"Tiempo de lectura":"1 minuto"},"schema":{"@context":"https:\/\/schema.org","@graph":[{"@type":"WebPage","@id":"https:\/\/m200la.com\/cordoba\/odoo\/","url":"https:\/\/m200la.com\/cordoba\/odoo\/","name":"ODOO - Transformaci\u00f3n Digital","isPartOf":{"@id":"https:\/\/m200la.com\/cordoba\/#website"},"primaryImageOfPage":{"@id":"https:\/\/m200la.com\/cordoba\/odoo\/#primaryimage"},"image":{"@id":"https:\/\/m200la.com\/cordoba\/odoo\/#primaryimage"},"thumbnailUrl":"https:\/\/m200la.com\/cordoba\/wp-content\/uploads\/2026\/02\/M200-Software-1.png","datePublished":"2026-02-02T22:04:04+00:00","dateModified":"2026-02-07T21:21:23+00:00","description":"Hace 25 a\u00f1os comenzamos transformando empresas con soluciones de hardware. Hoy, lideramos la transformaci\u00f3n digital con software y consultor\u00eda, incluyendo todo tipo de soluciones en el \u00e1rea de la gesti\u00f3n de procesos documentales.","breadcrumb":{"@id":"https:\/\/m200la.com\/cordoba\/odoo\/#breadcrumb"},"inLanguage":"es-AR","potentialAction":[{"@type":"ReadAction","target":["https:\/\/m200la.com\/cordoba\/odoo\/"]}]},{"@type":"ImageObject","inLanguage":"es-AR","@id":"https:\/\/m200la.com\/cordoba\/odoo\/#primaryimage","url":"https:\/\/m200la.com\/cordoba\/wp-content\/uploads\/2026\/02\/M200-Software-1.png","contentUrl":"https:\/\/m200la.com\/cordoba\/wp-content\/uploads\/2026\/02\/M200-Software-1.png","width":1066,"height":1048,"caption":"M200 Software"},{"@type":"BreadcrumbList","@id":"https:\/\/m200la.com\/cordoba\/odoo\/#breadcrumb","itemListElement":[{"@type":"ListItem","position":1,"name":"Inicio","item":"https:\/\/m200la.com\/cordoba\/"},{"@type":"ListItem","position":2,"name":"ODOO"}]},{"@type":"WebSite","@id":"https:\/\/m200la.com\/cordoba\/#website","url":"https:\/\/m200la.com\/cordoba\/","name":"M200","description":"Gesti\u00f3n Documental","potentialAction":[{"@type":"SearchAction","target":{"@type":"EntryPoint","urlTemplate":"https:\/\/m200la.com\/cordoba\/?s={search_term_string}"},"query-input":{"@type":"PropertyValueSpecification","valueRequired":true,"valueName":"search_term_string"}}],"inLanguage":"es-AR"}]}},"_links":{"self":[{"href":"https:\/\/m200la.com\/cordoba\/wp-json\/wp\/v2\/pages\/31857","targetHints":{"allow":["GET"]}}],"collection":[{"href":"https:\/\/m200la.com\/cordoba\/wp-json\/wp\/v2\/pages"}],"about":[{"href":"https:\/\/m200la.com\/cordoba\/wp-json\/wp\/v2\/types\/page"}],"author":[{"embeddable":true,"href":"https:\/\/m200la.com\/cordoba\/wp-json\/wp\/v2\/users\/1"}],"replies":[{"embeddable":true,"href":"https:\/\/m200la.com\/cordoba\/wp-json\/wp\/v2\/comments?post=31857"}],"version-history":[{"count":1,"href":"https:\/\/m200la.com\/cordoba\/wp-json\/wp\/v2\/pages\/31857\/revisions"}],"predecessor-version":[{"id":31966,"href":"https:\/\/m200la.com\/cordoba\/wp-json\/wp\/v2\/pages\/31857\/revisions\/31966"}],"wp:featuredmedia":[{"embeddable":true,"href":"https:\/\/m200la.com\/cordoba\/wp-json\/wp\/v2\/media\/31852"}],"wp:attachment":[{"href":"https:\/\/m200la.com\/cordoba\/wp-json\/wp\/v2\/media?parent=31857"}],"curies":[{"name":"wp","href":"https:\/\/api.w.org\/{rel}","templated":true}]}}